{"id":385,"date":"2026-01-26T10:10:42","date_gmt":"2026-01-26T10:10:42","guid":{"rendered":"https:\/\/icheer.de\/production-slot-reservation\/"},"modified":"2026-01-30T07:48:05","modified_gmt":"2026-01-30T07:48:05","slug":"production-slot-reservation","status":"publish","type":"page","link":"https:\/\/icheer.de\/en\/production-slot-reservation\/","title":{"rendered":"Production Slot Reservation"},"content":{"rendered":"\n<h1>\n\t\t\tProduction Slot Reservation\t<\/h1>\n    <style id=\"wpforms-css-vars-242\">\n\t\t\t\t#wpforms-242 {\n\t\t\t\t--wpforms-field-size-input-height: 43px;\n--wpforms-field-size-input-spacing: 15px;\n--wpforms-field-size-font-size: 16px;\n--wpforms-field-size-line-height: 19px;\n--wpforms-field-size-padding-h: 14px;\n--wpforms-field-size-checkbox-size: 16px;\n--wpforms-field-size-sublabel-spacing: 5px;\n--wpforms-field-size-icon-size: 1;\n--wpforms-label-size-font-size: 16px;\n--wpforms-label-size-line-height: 19px;\n--wpforms-label-size-sublabel-font-size: 14px;\n--wpforms-label-size-sublabel-line-height: 17px;\n--wpforms-button-size-font-size: 17px;\n--wpforms-button-size-height: 41px;\n--wpforms-button-size-padding-h: 15px;\n--wpforms-button-size-margin-top: 10px;\n--wpforms-container-shadow-size-box-shadow: none;\n\t\t\t}\n\t\t\t<\/style><form id=\"wpforms-form-242\" data-formid=\"242\" method=\"post\" enctype=\"multipart\/form-data\" action=\"\/en\/?page_id=385&#038;fl_builder\" data-token=\"8a70bca4b31600eff9d356f240a9ffd1\" data-token-time=\"1769759285\">Production Slot ReservationPlease enable JavaScript in your browser to complete this form.Please enable JavaScript in your browser to complete this form.<fieldset><legend aria-hidden=\"false\">Kontakt Person \/ Contact Person *<\/legend><input type=\"text\" id=\"wpforms-242-field_0\" name=\"wpforms[fields][0][first]\" placeholder=\"Mark\" aria-errormessage=\"wpforms-242-field_0-error\" required\/><label for=\"wpforms-242-field_0\">Vorname<\/label><input type=\"text\" id=\"wpforms-242-field_0-last\" name=\"wpforms[fields][0][last]\" placeholder=\"White\" aria-errormessage=\"wpforms-242-field_0-last-error\" required\/><label for=\"wpforms-242-field_0-last\">Nachname<\/label><\/fieldset><label for=\"wpforms-242-field_3\">Verein \/ Gym *<\/label><input type=\"text\" id=\"wpforms-242-field_3\" name=\"wpforms[fields][3]\" placeholder=\"Verein \/ Gym\" aria-errormessage=\"wpforms-242-field_3-error\" required\/><label for=\"wpforms-242-field_1\">E-Mail *<\/label><input type=\"email\" id=\"wpforms-242-field_1\" name=\"wpforms[fields][1]\" placeholder=\"example@gmail.com\" spellcheck=\"false\" aria-errormessage=\"wpforms-242-field_1-error\" required\/><label for=\"wpforms-242-field_4\">Anzahl der Mixes \/ Number of mixes needed *<\/label><select id=\"wpforms-242-field_4\" data-size-class=\"wpforms-field-row wpforms-field-medium\" data-search-enabled=\"1\" name=\"wpforms[fields][4]\" required=\"required\"><option value=\"\" disabled  selected='selected'>1<\/option><option value=\"1\">1<\/option><option value=\"2\">2<\/option><option value=\"3\">3<\/option><option value=\"4\">4<\/option><option value=\"5\">5<\/option><option value=\"6\">6<\/option><option value=\"7\">7<\/option><option value=\"8\">8<\/option><option value=\"9\">9<\/option><option value=\"10\">10<\/option><\/select><label for=\"wpforms-242-field_5\">Auflistung der gew\u00fcnschten Packages \/ Listing of desired packages<\/label><textarea id=\"wpforms-242-field_5\" name=\"wpforms[fields][5]\" placeholder=\"Auflistung der gew\u00fcnschten Packages \/ Listing of desired packages\" aria-errormessage=\"wpforms-242-field_5-error\"><\/textarea><label for=\"wpforms-242-field_6\">Gew\u00fcnschter Produktionsstart \/ Desired start of production *<\/label><input type=\"text\" id=\"wpforms-242-field_6\" data-date-format=\"F j, Y\" data-limit-days=\"fri\" data-disable-past-dates=\"1\" data-disable-todays-date=\"1\" data-input=\"true\" name=\"wpforms[fields][6][date]\" aria-errormessage=\"wpforms-242-field_6-error\" aria-describedby=\"wpforms-242-field_6-description\" required\/><a title=\"Clear Date\" data-clear role=\"button\" tabindex=\"0\" aria-label=\"Clear Date\"><\/a>Die Produktion der Mixes dauert 3 Wochen. Zu Beginn der Produktion m\u00fcssen alle Informationen \u00fcber das Team und ein vollst\u00e4ndig ausgef\u00fcllter Z\u00e4hlbogen vorliegen.\nThe production of the mixes takes 3 weeks. At the start of production, all information about the team and a fully completed countsheet must be available.<label for=\"wpforms-242-field_2\">Bei mehreren Teams, weichen die gew\u00fcnschten Produktionszeiten voneinander ab? Wenn ja, wie? \/ If there are multiple teams, do the desired production times differ? If so, how?<\/label><textarea id=\"wpforms-242-field_2\" name=\"wpforms[fields][2]\" aria-errormessage=\"wpforms-242-field_2-error\"><\/textarea><!-- .wpforms-field-container --><input type=\"hidden\" name=\"wpforms[id]\" value=\"242\"\/>\t\t\t<input type=\"hidden\"\n\t\t\t\tname=\"wpforms[nonce]\"\n\t\t\t\tvalue=\"ba9711a1fd\"\n\t\t\t\/>\n\t\t\t<input type=\"hidden\" name=\"page_title\" value=\"Production Slot Reservation\"\/><input type=\"hidden\" name=\"page_url\" value=\"https:\/\/icheer.de\/en\/?page_id=385&#038;fl_builder\"\/><input type=\"hidden\" name=\"url_referer\" value=\"\"\/><input type=\"hidden\" name=\"page_id\" value=\"385\"\/><input type=\"hidden\" name=\"wpforms[post_id]\" value=\"385\"\/><button type=\"submit\" name=\"wpforms[submit]\" id=\"wpforms-submit-242\" data-alt-text=\"Senden&#8230;\" data-submit-text=\"Absenden\" aria-live=\"assertive\" value=\"wpforms-submit\">Absenden<\/button><img loading=\"lazy\" decoding=\"async\" src=\"https:\/\/icheer.de\/wp-content\/plugins\/wpforms\/assets\/images\/submit-spin.svg\" width=\"26\" height=\"26\" alt=\"Loading\"\/><\/form>  <!-- .wpforms-container -->\n\n","protected":false},"excerpt":{"rendered":"<p>Production Slot Reservation Production Slot ReservationPlease enable JavaScript in your browser to complete this form.Please enable JavaScript in your browser to complete this form. Kontakt Person \/ Contact Person * VornameNachname Verein \/ Gym *E-Mail *Anzahl der Mixes \/ Number of mixes needed *112345678910Auflistung der gew\u00fcnschten Packages \/ Listing of desired packagesGew\u00fcnschter Produktionsstart \/ Desired&hellip;<\/p>\n","protected":false},"author":1,"featured_media":0,"parent":0,"menu_order":0,"comment_status":"closed","ping_status":"closed","template":"","meta":{"_acf_changed":false,"inline_featured_image":false,"footnotes":""},"class_list":["post-385","page","type-page","status-publish","hentry"],"acf":[],"_links":{"self":[{"href":"https:\/\/icheer.de\/en\/wp-json\/wp\/v2\/pages\/385","targetHints":{"allow":["GET"]}}],"collection":[{"href":"https:\/\/icheer.de\/en\/wp-json\/wp\/v2\/pages"}],"about":[{"href":"https:\/\/icheer.de\/en\/wp-json\/wp\/v2\/types\/page"}],"author":[{"embeddable":true,"href":"https:\/\/icheer.de\/en\/wp-json\/wp\/v2\/users\/1"}],"replies":[{"embeddable":true,"href":"https:\/\/icheer.de\/en\/wp-json\/wp\/v2\/comments?post=385"}],"version-history":[{"count":4,"href":"https:\/\/icheer.de\/en\/wp-json\/wp\/v2\/pages\/385\/revisions"}],"predecessor-version":[{"id":500,"href":"https:\/\/icheer.de\/en\/wp-json\/wp\/v2\/pages\/385\/revisions\/500"}],"wp:attachment":[{"href":"https:\/\/icheer.de\/en\/wp-json\/wp\/v2\/media?parent=385"}],"curies":[{"name":"wp","href":"https:\/\/api.w.org\/{rel}","templated":true}]}}