{"id":522,"date":"2026-02-06T19:26:59","date_gmt":"2026-02-06T19:26:59","guid":{"rendered":"https:\/\/icheer.de\/?page_id=522"},"modified":"2026-02-06T19:26:59","modified_gmt":"2026-02-06T19:26:59","slug":"ccvd-bestellformular","status":"publish","type":"page","link":"https:\/\/icheer.de\/en\/ccvd-bestellformular\/","title":{"rendered":"CCVD Bestellformular"},"content":{"rendered":"\n\n    <style id=\"wpforms-css-vars-244\">\n\t\t\t\t#wpforms-244 {\n\t\t\t}\n\t\t\t<\/style><form id=\"wpforms-form-244\" data-formid=\"244\" method=\"post\" enctype=\"multipart\/form-data\" action=\"\/?page_id=522&#038;fl_builder&#038;wpforms_form_id=244\" data-token=\"e2582fd8c9acb4662b94051a68809a89\" data-token-time=\"1770406019\">Bestellformular Musik &#8211; CCVDBitte aktiviere JavaScript in deinem Browser, um dieses Formular fertigzustellen.Bitte aktiviere JavaScript in deinem Browser, um dieses Formular fertigzustellen.<label for=\"wpforms-244-field_17\">Team Name<\/label><input type=\"text\" id=\"wpforms-244-field_17\" name=\"wpforms[fields][17]\" aria-errormessage=\"wpforms-244-field_17-error\"\/><label for=\"wpforms-244-field_172\">Kontaktperson<\/label><input type=\"text\" id=\"wpforms-244-field_172\" name=\"wpforms[fields][172]\" aria-errormessage=\"wpforms-244-field_172-error\"\/><label for=\"wpforms-244-field_173\">Kontakt Handynummer<\/label><input type=\"text\" id=\"wpforms-244-field_173\" name=\"wpforms[fields][173]\" placeholder=\"F\u00fcr eventuell R\u00fcckfragen\" aria-errormessage=\"wpforms-244-field_173-error\"\/><label for=\"wpforms-244-field_43\">Kategorie<\/label><select id=\"wpforms-244-field_43\" name=\"wpforms[fields][43]\"><option value=\"Junior\">Junior<\/option><option value=\"Senior\">Senior<\/option><option value=\"N\/A - 8Count Mix\">N\/A &#8211; 8Count Mix<\/option><\/select><fieldset><legend>Coed \/ Allgirl<\/legend><ul id=\"wpforms-244-field_22\"><li><input type=\"radio\" id=\"wpforms-244-field_22_1\" name=\"wpforms[fields][22]\" value=\"COED\" aria-errormessage=\"wpforms-244-field_22_1-error\"\/><label for=\"wpforms-244-field_22_1\">COED<\/label><\/li><li><input type=\"radio\" id=\"wpforms-244-field_22_2\" name=\"wpforms[fields][22]\" value=\"ALLGIRL\" aria-errormessage=\"wpforms-244-field_22_2-error\"\/><label for=\"wpforms-244-field_22_2\">ALLGIRL<\/label><\/li><li><input type=\"radio\" id=\"wpforms-244-field_22_3\" name=\"wpforms[fields][22]\" value=\"N\/A 8-Count Mix\" aria-errormessage=\"wpforms-244-field_22_3-error\"\/><label for=\"wpforms-244-field_22_3\">N\/A 8-Count Mix<\/label><\/li><\/ul><\/fieldset><label for=\"wpforms-244-field_23\">L\u00e4nge<\/label><select id=\"wpforms-244-field_23\" name=\"wpforms[fields][23]\"><option value=\"0:30min\">0:30min<\/option><option value=\"0:35min\">0:35min<\/option><option value=\"0:40min\">0:40min<\/option><option value=\"0:45min\">0:45min<\/option><option value=\"1:00 min\">1:00 min<\/option><option value=\"2:00 min\">2:00 min<\/option><option value=\"2:15 min\">2:15 min<\/option><option value=\"2:30 min\">2:30 min<\/option><\/select><h3 id=\"wpforms-244-field_29\" aria-errormessage=\"wpforms-244-field_29-error\">Song W\u00fcnsche<\/h3><label for=\"wpforms-244-field_28\">W\u00fcnsche<\/label><textarea id=\"wpforms-244-field_28\" name=\"wpforms[fields][28]\" aria-errormessage=\"wpforms-244-field_28-error\" aria-describedby=\"wpforms-244-field_28-description\"><\/textarea>Ihr k\u00f6nnt bis zu 5 Songs von der folgenden Website requesten:  www.songsforcheer.com\/ICheer<h3 id=\"wpforms-244-field_31\" aria-errormessage=\"wpforms-244-field_31-error\">Voice Over W\u00fcnsche<\/h3><label for=\"wpforms-244-field_32\">Explizite VoiceOver W\u00fcnsche<\/label><textarea id=\"wpforms-244-field_32\" name=\"wpforms[fields][32]\" aria-errormessage=\"wpforms-244-field_32-error\"><\/textarea><label for=\"wpforms-244-field_33\">Ideen \/ Vorschl\u00e4ge\/ Inspirationen\/ No-Gos<\/label><textarea id=\"wpforms-244-field_33\" name=\"wpforms[fields][33]\" aria-errormessage=\"wpforms-244-field_33-error\" aria-describedby=\"wpforms-244-field_33-description\"><\/textarea>Bspw. Spr\u00fcche \/ Voice Over \/ Slogans \/ Hashtags \/ Stadt \/ Postleitzahl \/ Vorwahl<h3 id=\"wpforms-244-field_34\" aria-errormessage=\"wpforms-244-field_34-error\">Sonstiges<\/h3><label for=\"wpforms-244-field_35\">Besondere W\u00fcnsche \/ Detail Infos<\/label><textarea id=\"wpforms-244-field_35\" name=\"wpforms[fields][35]\" aria-errormessage=\"wpforms-244-field_35-error\" aria-describedby=\"wpforms-244-field_35-description\"><\/textarea>Bspw. Theme | Anzahl 8-Counts bei 8-Count Mixes!<h3 id=\"wpforms-244-field_36\" aria-errormessage=\"wpforms-244-field_36-error\">8-Count Sheet<\/h3><label for=\"wpforms-244-field_37\">Datei hochladen<\/label>\n\t\t\t\t\t\t\tDrag &amp; Drop Files, \t\t\t\tChoose Files to Upload\n<input type=\"text\"\n\t\tautocomplete=\"off\"\n\t\treadonly\n\t\tclass=\"dropzone-input\"\n\t\tstyle=\"position:absolute!important;clip:rect(0,0,0,0)!important;height:1px!important;width:1px!important;border:0!important;overflow:hidden!important;padding:0!important;margin:0!important;\"\n\t\tid=\"wpforms-244-field_37\"\n\t\tname=\"wpforms_244_37\" \t\tvalue=\"\"\/>\nBitte ladet hier euren 8-Count Sheet hoch. Eine Vorlage dazu findet ihr auf www.icheer.de\/music. Die Produktion beginnt erst, wenn der vollst\u00e4ndige 8-Countsheet bei uns eingegangen ist. Bitte stellt sicher, dass ihr uns den 8-Count Sheet in Excel Format schickt.<h3 id=\"wpforms-244-field_38\" aria-errormessage=\"wpforms-244-field_38-error\" aria-describedby=\"wpforms-244-field_38-description\">Video<\/h3>Das Senden eines Videos wird empfohlen, ist aber kein muss! Dadurch k\u00f6nnen wir den Mix besser an die Routine anpassen, als mit nur einem 8-Count Sheet. In dem Video sollte eine gesamte Routine ohne Unterbrechungen auf einem 8count Mix gemacht werden. In jeder Sequenz sollte mindestens eine Stuntgruppe den jeweiligen Stunt bzw. eine Seite der Pyramide gebaut werden, damit wir genau nachvollziehen k\u00f6nnen was in der Routine passiert. Ein Video ist zu gro\u00df um es hier hochzuladen, sendet es uns daher bitte per Wetransfer an info@icheer.de<fieldset><legend>AGB&#039;s *<\/legend><ul id=\"wpforms-244-field_64\"><li><input type=\"checkbox\" id=\"wpforms-244-field_64_1\" name=\"wpforms[fields][64][]\" value=\"Hiermit best\u00e4tigte ich, dass ich die AGB&#039;s gelesen habe und akzeptiere.\" aria-errormessage=\"wpforms-244-field_64_1-error\" required\/><label for=\"wpforms-244-field_64_1\">Hiermit best\u00e4tigte ich, dass ich die AGB&#8217;s gelesen habe und akzeptiere.<\/label><\/li><\/ul><\/fieldset>Zu den <i><a href=\"https:\/\/icheer.de\/agbs\/\" target=\"_blank\"> > Allgemeinen Gesch\u00e4ftsbedingungen < <\/a><\/><\/i><fieldset><legend>Lizenzvereinbarungen *<\/legend><ul id=\"wpforms-244-field_66\"><li><input type=\"checkbox\" id=\"wpforms-244-field_66_1\" name=\"wpforms[fields][66][]\" value=\"Hiermit best\u00e4tigte ich, dass ich die Lizenzvereinbarungen gelesen habe und akzeptiere.\" aria-errormessage=\"wpforms-244-field_66_1-error\" required\/><label for=\"wpforms-244-field_66_1\">Hiermit best\u00e4tigte ich, dass ich die Lizenzvereinbarungen gelesen habe und akzeptiere.<\/label><\/li><\/ul><\/fieldset>Zu den <i><a href=\"https:\/\/icheer.de\/lizenzvereinbarung\/\" target=\"_blank\">> Lizensvereinbarungen < <\/a><\/i><!-- .wpforms-field-container --><label for=\"wpforms-244-field-hp\">Phone<\/label><input type=\"text\" name=\"wpforms[hp]\" id=\"wpforms-244-field-hp\"\/><input type=\"hidden\" name=\"wpforms[id]\" value=\"244\"\/>\t\t\t<input type=\"hidden\"\n\t\t\t\tname=\"wpforms[nonce]\"\n\t\t\t\tvalue=\"eafa90b5dc\"\n\t\t\t\/>\n\t\t\t<input type=\"hidden\" name=\"page_title\" value=\"CCVD Bestellformular\"\/><input type=\"hidden\" name=\"page_url\" value=\"https:\/\/icheer.de\/?page_id=522&#038;fl_builder\"\/><input type=\"hidden\" name=\"url_referer\" value=\"\"\/><input type=\"hidden\" name=\"page_id\" value=\"522\"\/><input type=\"hidden\" name=\"wpforms[post_id]\" value=\"522\"\/><button type=\"submit\" name=\"wpforms[submit]\" id=\"wpforms-submit-244\" data-alt-text=\"Senden...\" data-submit-text=\"Jetzt abschicken\" aria-live=\"assertive\" value=\"wpforms-submit\">Jetzt abschicken<\/button><img loading=\"lazy\" decoding=\"async\" src=\"https:\/\/icheer.de\/wp-content\/plugins\/wpforms\/assets\/images\/submit-spin.svg\" width=\"26\" height=\"26\" alt=\"Wird geladen\"\/><\/form>  <!-- .wpforms-container -->\n\n","protected":false},"excerpt":{"rendered":"<p>Bestellformular Musik &#8211; CCVDBitte aktiviere JavaScript in deinem Browser, um dieses Formular fertigzustellen.Bitte aktiviere JavaScript in deinem Browser, um dieses Formular fertigzustellen.Team NameKontaktpersonKontakt HandynummerKategorieJuniorSeniorN\/A &#8211; 8Count Mix Coed \/ Allgirl COED ALLGIRL N\/A 8-Count Mix L\u00e4nge0:30min0:35min0:40min0:45min1:00 min2:00 min2:15 min2:30 min Song W\u00fcnsche W\u00fcnscheIhr k\u00f6nnt bis zu 5 Songs von der folgenden Website requesten: www.songsforcheer.com\/ICheer Voice&hellip;<\/p>\n","protected":false},"author":2,"featured_media":0,"parent":0,"menu_order":0,"comment_status":"closed","ping_status":"closed","template":"","meta":{"_acf_changed":false,"inline_featured_image":false,"footnotes":""},"class_list":["post-522","page","type-page","status-publish","hentry"],"acf":[],"_links":{"self":[{"href":"https:\/\/icheer.de\/en\/wp-json\/wp\/v2\/pages\/522","targetHints":{"allow":["GET"]}}],"collection":[{"href":"https:\/\/icheer.de\/en\/wp-json\/wp\/v2\/pages"}],"about":[{"href":"https:\/\/icheer.de\/en\/wp-json\/wp\/v2\/types\/page"}],"author":[{"embeddable":true,"href":"https:\/\/icheer.de\/en\/wp-json\/wp\/v2\/users\/2"}],"replies":[{"embeddable":true,"href":"https:\/\/icheer.de\/en\/wp-json\/wp\/v2\/comments?post=522"}],"version-history":[{"count":5,"href":"https:\/\/icheer.de\/en\/wp-json\/wp\/v2\/pages\/522\/revisions"}],"predecessor-version":[{"id":528,"href":"https:\/\/icheer.de\/en\/wp-json\/wp\/v2\/pages\/522\/revisions\/528"}],"wp:attachment":[{"href":"https:\/\/icheer.de\/en\/wp-json\/wp\/v2\/media?parent=522"}],"curies":[{"name":"wp","href":"https:\/\/api.w.org\/{rel}","templated":true}]}}